{"id":19,"date":"2023-08-17T08:03:25","date_gmt":"2023-08-17T08:03:25","guid":{"rendered":"https:\/\/demosites.royal-elementor-addons.com\/nature-v2\/?page_id=19"},"modified":"2025-09-06T15:28:52","modified_gmt":"2025-09-06T15:28:52","slug":"services","status":"publish","type":"page","link":"https:\/\/vahev.org\/en\/services\/","title":{"rendered":"Services"},"content":{"rendered":"<div data-elementor-type=\"wp-page\" data-elementor-id=\"19\" class=\"elementor elementor-19\">\n\t\t\t\t\t\t<section class=\"elementor-section elementor-top-section elementor-element elementor-element-c29a3c5 elementor-section-boxed elementor-section-height-default elementor-section-height-default wpr-particle-no wpr-jarallax-no wpr-parallax-no wpr-sticky-section-no\" data-id=\"c29a3c5\" data-element_type=\"section\" data-settings=\"{&quot;background_background&quot;:&quot;classic&quot;}\">\n\t\t\t\t\t\t\t<div class=\"elementor-background-overlay\"><\/div>\n\t\t\t\t\t\t\t<div class=\"elementor-container elementor-column-gap-default\">\n\t\t\t\t\t<div class=\"elementor-column elementor-col-100 elementor-top-column elementor-element elementor-element-c7f4bb6\" data-id=\"c7f4bb6\" data-element_type=\"column\">\n\t\t\t<div class=\"elementor-widget-wrap elementor-element-populated\">\n\t\t\t\t\t\t<div class=\"elementor-element elementor-element-b1faa16 elementor-widget elementor-widget-heading\" data-id=\"b1faa16\" data-element_type=\"widget\" data-widget_type=\"heading.default\">\n\t\t\t\t\t<h2 class=\"elementor-heading-title elementor-size-default\">VAHEV Y SUS PROYECTOS<\/h2>\t\t\t\t<\/div>\n\t\t\t\t\t<\/div>\n\t\t<\/div>\n\t\t\t\t\t<\/div>\n\t\t<\/section>\n\t\t\t\t<section class=\"elementor-section elementor-top-section elementor-element elementor-element-a9149f1 elementor-section-boxed elementor-section-height-default elementor-section-height-default wpr-particle-no wpr-jarallax-no wpr-parallax-no wpr-sticky-section-no\" data-id=\"a9149f1\" data-element_type=\"section\">\n\t\t\t\t\t\t<div class=\"elementor-container elementor-column-gap-wide\">\n\t\t\t\t\t<div class=\"elementor-column elementor-col-50 elementor-top-column elementor-element elementor-element-94e82ae\" data-id=\"94e82ae\" data-element_type=\"column\">\n\t\t\t<div class=\"elementor-widget-wrap elementor-element-populated\">\n\t\t\t\t\t\t<div class=\"elementor-element elementor-element-c78a690 elementor-widget elementor-widget-image\" data-id=\"c78a690\" data-element_type=\"widget\" data-widget_type=\"image.default\">\n\t\t\t\t\t\t\t\t\t\t\t\t\t\t\t<img fetchpriority=\"high\" decoding=\"async\" width=\"569\" height=\"201\" src=\"https:\/\/vahev.org\/wp-content\/uploads\/2025\/09\/ASD.jpg\" class=\"attachment-full size-full wp-image-860\" alt=\"\" srcset=\"https:\/\/vahev.org\/wp-content\/uploads\/2025\/09\/ASD.jpg 569w, https:\/\/vahev.org\/wp-content\/uploads\/2025\/09\/ASD-300x106.jpg 300w, https:\/\/vahev.org\/wp-content\/uploads\/2025\/09\/ASD-18x6.jpg 18w\" sizes=\"(max-width: 569px) 100vw, 569px\" \/>\t\t\t\t\t\t\t\t\t\t\t\t\t\t\t<\/div>\n\t\t\t\t\t<\/div>\n\t\t<\/div>\n\t\t\t\t<div class=\"elementor-column elementor-col-50 elementor-top-column elementor-element elementor-element-9ce52b1\" data-id=\"9ce52b1\" data-element_type=\"column\">\n\t\t\t<div class=\"elementor-widget-wrap elementor-element-populated\">\n\t\t\t\t\t\t<div class=\"elementor-element elementor-element-3c7e4f6 elementor-widget elementor-widget-heading\" data-id=\"3c7e4f6\" data-element_type=\"widget\" data-widget_type=\"heading.default\">\n\t\t\t\t\t<h2 class=\"elementor-heading-title elementor-size-default\">Protecci\u00f3n y Restauraci\u00f3n de los Manglares del Golfo de Guayaquil<\/h2>\t\t\t\t<\/div>\n\t\t\t\t<div class=\"elementor-element elementor-element-cbbd060 elementor-widget elementor-widget-text-editor\" data-id=\"cbbd060\" data-element_type=\"widget\" data-widget_type=\"text-editor.default\">\n\t\t\t\t\t\t\t\t\t<p>Los manglares del Golfo de Guayaquil son el hogar de cientos de especies y el sustento de familias pesqueras. Nuestro proyecto busca proteger y restaurar m\u00e1s de 4,000 hect\u00e1reas, combinando conservaci\u00f3n, desarrollo comunitario y acci\u00f3n clim\u00e1tica.<\/p><p>Con tu ayuda podremos patrullar, restaurar y crear alternativas sostenibles que garanticen un futuro para la naturaleza y las comunidades locales.<\/p>\t\t\t\t\t\t\t\t<\/div>\n\t\t\t\t<div class=\"elementor-element elementor-element-44ff087 wpr-button-icon-style-inline wpr-button-icon-position-right elementor-widget elementor-widget-wpr-button\" data-id=\"44ff087\" data-element_type=\"widget\" data-widget_type=\"wpr-button.default\">\n\t\t\t\t\t\t\n\t\t\t\n\t\t\n\t\t<div class=\"wpr-button-wrap elementor-clearfix\">\n\t\t<a class=\"wpr-button wpr-button-effect wpr-button-none\" data-text=\"Go\" href=\"https:\/\/gofund.me\/48285ec47\">\n\t\t\t\n\t\t\t<span class=\"wpr-button-content\">\n\t\t\t\t\t\t\t\t\t<span class=\"wpr-button-text\">DONAR EN ESTE PROYECTO<\/span>\n\t\t\t\t\t\t\t\t\n\t\t\t\t\t\t\t<\/span>\n\t\t<\/a>\n\n\t\t\t\t<\/div>\n\t\n\t\n\t\t\t\t\t<\/div>\n\t\t\t\t\t<\/div>\n\t\t<\/div>\n\t\t\t\t\t<\/div>\n\t\t<\/section>\n\t\t\t\t<section class=\"elementor-section elementor-top-section elementor-element elementor-element-3700744 elementor-section-boxed elementor-section-height-default elementor-section-height-default wpr-particle-no wpr-jarallax-no wpr-parallax-no wpr-sticky-section-no\" data-id=\"3700744\" data-element_type=\"section\">\n\t\t\t\t\t\t<div class=\"elementor-container elementor-column-gap-wide\">\n\t\t\t\t\t<div class=\"elementor-column elementor-col-50 elementor-top-column elementor-element elementor-element-6576b41\" data-id=\"6576b41\" data-element_type=\"column\">\n\t\t\t<div class=\"elementor-widget-wrap elementor-element-populated\">\n\t\t\t\t\t\t<div class=\"elementor-element elementor-element-abebfd1 elementor-widget elementor-widget-heading\" data-id=\"abebfd1\" data-element_type=\"widget\" data-widget_type=\"heading.default\">\n\t\t\t\t\t<h2 class=\"elementor-heading-title elementor-size-default\">Agroforestaci\u00f3n de los Humedales de Abras de Mantequilla<\/h2>\t\t\t\t<\/div>\n\t\t\t\t<div class=\"elementor-element elementor-element-2439ff7 elementor-widget elementor-widget-text-editor\" data-id=\"2439ff7\" data-element_type=\"widget\" data-widget_type=\"text-editor.default\">\n\t\t\t\t\t\t\t\t\t<p data-start=\"192\" data-end=\"542\">Los humedales de Abras de Mantequilla, en la provincia de Los R\u00edos, son un ecosistema clave para la biodiversidad y la lucha contra el cambio clim\u00e1tico. Nuestro proyecto busca restaurar m\u00e1s de <strong data-start=\"385\" data-end=\"402\">600 hect\u00e1reas<\/strong> mediante agroforestaci\u00f3n con cacao, frutales y especies forestales, generando a la vez ingresos sostenibles para las comunidades locales.<\/p><p>\n<\/p><p data-start=\"544\" data-end=\"717\">Con tu apoyo construiremos invernaderos, fortaleceremos la investigaci\u00f3n, capacitaremos a familias y crearemos alternativas que unan conservaci\u00f3n y desarrollo social.&nbsp;<\/p><ul class=\"wetland-list\">\n<\/ul>\t\t\t\t\t\t\t\t<\/div>\n\t\t\t\t<div class=\"elementor-element elementor-element-c948fc4 wpr-button-icon-style-inline wpr-button-icon-position-right elementor-widget elementor-widget-wpr-button\" data-id=\"c948fc4\" data-element_type=\"widget\" data-widget_type=\"wpr-button.default\">\n\t\t\t\t\t\t\n\t\t\t\n\t\t\n\t\t<div class=\"wpr-button-wrap elementor-clearfix\">\n\t\t<a class=\"wpr-button wpr-button-effect wpr-button-none\" data-text=\"Go\" href=\"https:\/\/gofund.me\/06cb9cfa6\">\n\t\t\t\n\t\t\t<span class=\"wpr-button-content\">\n\t\t\t\t\t\t\t\t\t<span class=\"wpr-button-text\">DONAR EN ESTE PROYECTO<\/span>\n\t\t\t\t\t\t\t\t\n\t\t\t\t\t\t\t<\/span>\n\t\t<\/a>\n\n\t\t\t\t<\/div>\n\t\n\t\n\t\t\t\t\t<\/div>\n\t\t\t\t\t<\/div>\n\t\t<\/div>\n\t\t\t\t<div class=\"elementor-column elementor-col-50 elementor-top-column elementor-element elementor-element-2807237\" data-id=\"2807237\" data-element_type=\"column\">\n\t\t\t<div class=\"elementor-widget-wrap elementor-element-populated\">\n\t\t\t\t\t\t<div class=\"elementor-element elementor-element-47ff48b elementor-widget elementor-widget-image\" data-id=\"47ff48b\" data-element_type=\"widget\" data-widget_type=\"image.default\">\n\t\t\t\t\t\t\t\t\t\t\t\t\t\t\t<img decoding=\"async\" width=\"570\" height=\"219\" src=\"https:\/\/vahev.org\/wp-content\/uploads\/2025\/09\/M.jpg\" class=\"attachment-medium_large size-medium_large wp-image-861\" alt=\"\" srcset=\"https:\/\/vahev.org\/wp-content\/uploads\/2025\/09\/M.jpg 570w, https:\/\/vahev.org\/wp-content\/uploads\/2025\/09\/M-300x115.jpg 300w, https:\/\/vahev.org\/wp-content\/uploads\/2025\/09\/M-18x7.jpg 18w\" sizes=\"(max-width: 570px) 100vw, 570px\" \/>\t\t\t\t\t\t\t\t\t\t\t\t\t\t\t<\/div>\n\t\t\t\t\t<\/div>\n\t\t<\/div>\n\t\t\t\t\t<\/div>\n\t\t<\/section>\n\t\t\t\t<section class=\"elementor-section elementor-top-section elementor-element elementor-element-08df8e3 elementor-section-boxed elementor-section-height-default elementor-section-height-default wpr-particle-no wpr-jarallax-no wpr-parallax-no wpr-sticky-section-no\" data-id=\"08df8e3\" data-element_type=\"section\" data-settings=\"{&quot;background_background&quot;:&quot;classic&quot;}\">\n\t\t\t\t\t\t\t<div class=\"elementor-background-overlay\"><\/div>\n\t\t\t\t\t\t\t<div class=\"elementor-container elementor-column-gap-default\">\n\t\t\t\t\t<div class=\"elementor-column elementor-col-100 elementor-top-column elementor-element elementor-element-7e2a933\" data-id=\"7e2a933\" data-element_type=\"column\">\n\t\t\t<div class=\"elementor-widget-wrap elementor-element-populated\">\n\t\t\t\t\t\t<div class=\"elementor-element elementor-element-75e4383 elementor-widget elementor-widget-heading\" data-id=\"75e4383\" data-element_type=\"widget\" data-widget_type=\"heading.default\">\n\t\t\t\t\t<h2 class=\"elementor-heading-title elementor-size-default\">F.A.Q.<\/h2>\t\t\t\t<\/div>\n\t\t\t\t<div class=\"elementor-element elementor-element-1c56f98 elementor-widget elementor-widget-text-editor\" data-id=\"1c56f98\" data-element_type=\"widget\" data-widget_type=\"text-editor.default\">\n\t\t\t\t\t\t\t\t\t<p>La conservaci\u00f3n del ambiente y el fortalecimiento de las comunidades son dos pilares que caminan de la mano en cada proyecto que impulsa <strong data-start=\"226\" data-end=\"242\">VAHEV S.A.S.<\/strong>. Nuestro trabajo busca proteger los manglares, humedales y bosques nativos del Ecuador, mientras promovemos iniciativas productivas y sostenibles que generan oportunidades para las familias que habitan en estas zonas. A trav\u00e9s de im\u00e1genes, videos y testimonios, este blog muestra c\u00f3mo la uni\u00f3n entre naturaleza y comunidad puede construir un futuro m\u00e1s justo, equilibrado y esperanzador.<\/p>\t\t\t\t\t\t\t\t<\/div>\n\t\t\t\t<div class=\"elementor-element elementor-element-90e5d13 wpr-advanced-accordion-icon-no-box elementor-widget elementor-widget-wpr-advanced-accordion\" data-id=\"90e5d13\" data-element_type=\"widget\" data-settings=\"{&quot;active_item&quot;:1}\" data-widget_type=\"wpr-advanced-accordion.default\">\n\t\t\t\t\t\n            <div class=\"wpr-advanced-accordion\" data-accordion-type=\"accordion\" data-active-index=\"1\" data-accordion-trigger=\"click\" data-interaction-speed=\"0.4\">\n\n\t\t\t\n                \n\t\t\t\t\t<div class=\"wpr-accordion-item-wrap\">\n\t\t\t\t\t\t<button class=\"wpr-acc-button\">\n\t\t\t\t\t\t\t<span class=\"wpr-acc-item-title\">\n\t\t\t\t\t\t\t\t\t\t\t\t<span class=\"wpr-title-icon\">\n\t\t\t\t\t\t\t\t\t<\/span>\n\t\t\t\n\t\t\t\t\t\t\t\t<span class=\"wpr-acc-title-text\">1. \u00bfPor qu\u00e9 es tan importante conservar los manglares?<\/span>\n\t\t\t\t\t\t\t<\/span>\n\t\t\t\t\t\t\t\t\t\t\t<span class=\"wpr-toggle-icon wpr-ti-close\"><svg aria-hidden=\"true\" class=\"e-font-icon-svg e-fas-caret-down\" viewbox=\"0 0 320 512\" xmlns=\"http:\/\/www.w3.org\/2000\/svg\"><path d=\"M31.3 192h257.3c17.8 0 26.7 21.5 14.1 34.1L174.1 354.8c-7.8 7.8-20.5 7.8-28.3 0L17.2 226.1C4.6 213.5 13.5 192 31.3 192z\"><\/path><\/svg><\/span>\n\t\t\t\t<span class=\"wpr-toggle-icon wpr-ti-open\"><svg aria-hidden=\"true\" class=\"e-font-icon-svg e-fas-caret-up\" viewbox=\"0 0 320 512\" xmlns=\"http:\/\/www.w3.org\/2000\/svg\"><path d=\"M288.662 352H31.338c-17.818 0-26.741-21.543-14.142-34.142l128.662-128.662c7.81-7.81 20.474-7.81 28.284 0l128.662 128.662c12.6 12.599 3.676 34.142-14.142 34.142z\"><\/path><\/svg><\/span>\n\t\t\t\t\t\t\t\t\t<\/button>\n\n\t\t\t\t\t\t<div class=\"wpr-acc-panel\">\n\t\t\t\t\t\t\t\t\t\t\t\t\t\t\t<div class=\"wpr-acc-panel-content\"><p>Los manglares son ecosistemas \u00fanicos que cumplen funciones vitales: protegen las costas de la erosi\u00f3n, sirven de h\u00e1bitat a cientos de especies de animales, capturan grandes cantidades de carbono y aportan al sustento de las comunidades locales mediante la pesca y otros recursos naturales. Conservarlos significa proteger no solo la biodiversidad, sino tambi\u00e9n la seguridad alimentaria y econ\u00f3mica de quienes dependen de ellos.<\/p><\/div>\n\t\t\t\t\t\t\t\t\t\t\t\t\t<\/div>\n                    <\/div>\n\n                \n\t\t\t\t\t<div class=\"wpr-accordion-item-wrap\">\n\t\t\t\t\t\t<button class=\"wpr-acc-button\">\n\t\t\t\t\t\t\t<span class=\"wpr-acc-item-title\">\n\t\t\t\t\t\t\t\t\t\t\t\t<span class=\"wpr-title-icon\">\n\t\t\t\t\t\t\t\t\t<\/span>\n\t\t\t\n\t\t\t\t\t\t\t\t<span class=\"wpr-acc-title-text\">2. \u00bfC\u00f3mo benefician estos proyectos a las comunidades locales?<\/span>\n\t\t\t\t\t\t\t<\/span>\n\t\t\t\t\t\t\t\t\t\t\t<span class=\"wpr-toggle-icon wpr-ti-close\"><svg aria-hidden=\"true\" class=\"e-font-icon-svg e-fas-caret-down\" viewbox=\"0 0 320 512\" xmlns=\"http:\/\/www.w3.org\/2000\/svg\"><path d=\"M31.3 192h257.3c17.8 0 26.7 21.5 14.1 34.1L174.1 354.8c-7.8 7.8-20.5 7.8-28.3 0L17.2 226.1C4.6 213.5 13.5 192 31.3 192z\"><\/path><\/svg><\/span>\n\t\t\t\t<span class=\"wpr-toggle-icon wpr-ti-open\"><svg aria-hidden=\"true\" class=\"e-font-icon-svg e-fas-caret-up\" viewbox=\"0 0 320 512\" xmlns=\"http:\/\/www.w3.org\/2000\/svg\"><path d=\"M288.662 352H31.338c-17.818 0-26.741-21.543-14.142-34.142l128.662-128.662c7.81-7.81 20.474-7.81 28.284 0l128.662 128.662c12.6 12.599 3.676 34.142-14.142 34.142z\"><\/path><\/svg><\/span>\n\t\t\t\t\t\t\t\t\t<\/button>\n\n\t\t\t\t\t\t<div class=\"wpr-acc-panel\">\n\t\t\t\t\t\t\t\t\t\t\t\t\t\t\t<div class=\"wpr-acc-panel-content\"><p>Los proyectos que impulsa VAHEV no solo buscan proteger la naturaleza, sino tambi\u00e9n mejorar la calidad de vida de las comunidades. A trav\u00e9s de iniciativas como el cultivo de cacao, la instalaci\u00f3n de paneles solares, el acceso a agua limpia o la creaci\u00f3n de una casa comunal, se fomenta la autogesti\u00f3n, se generan ingresos sostenibles y se fortalecen los lazos sociales. As\u00ed, la comunidad no solo es beneficiaria, sino protagonista del cambio.<\/p><\/div>\n\t\t\t\t\t\t\t\t\t\t\t\t\t<\/div>\n                    <\/div>\n\n                \n\t\t\t\t\t<div class=\"wpr-accordion-item-wrap\">\n\t\t\t\t\t\t<button class=\"wpr-acc-button\">\n\t\t\t\t\t\t\t<span class=\"wpr-acc-item-title\">\n\t\t\t\t\t\t\t\t\t\t\t\t<span class=\"wpr-title-icon\">\n\t\t\t\t\t\t\t\t\t<\/span>\n\t\t\t\n\t\t\t\t\t\t\t\t<span class=\"wpr-acc-title-text\">3. \u00bfQu\u00e9 relaci\u00f3n tienen las lanchas con la conservaci\u00f3n del ecosistema?<\/span>\n\t\t\t\t\t\t\t<\/span>\n\t\t\t\t\t\t\t\t\t\t\t<span class=\"wpr-toggle-icon wpr-ti-close\"><svg aria-hidden=\"true\" class=\"e-font-icon-svg e-fas-caret-down\" viewbox=\"0 0 320 512\" xmlns=\"http:\/\/www.w3.org\/2000\/svg\"><path d=\"M31.3 192h257.3c17.8 0 26.7 21.5 14.1 34.1L174.1 354.8c-7.8 7.8-20.5 7.8-28.3 0L17.2 226.1C4.6 213.5 13.5 192 31.3 192z\"><\/path><\/svg><\/span>\n\t\t\t\t<span class=\"wpr-toggle-icon wpr-ti-open\"><svg aria-hidden=\"true\" class=\"e-font-icon-svg e-fas-caret-up\" viewbox=\"0 0 320 512\" xmlns=\"http:\/\/www.w3.org\/2000\/svg\"><path d=\"M288.662 352H31.338c-17.818 0-26.741-21.543-14.142-34.142l128.662-128.662c7.81-7.81 20.474-7.81 28.284 0l128.662 128.662c12.6 12.599 3.676 34.142-14.142 34.142z\"><\/path><\/svg><\/span>\n\t\t\t\t\t\t\t\t\t<\/button>\n\n\t\t\t\t\t\t<div class=\"wpr-acc-panel\">\n\t\t\t\t\t\t\t\t\t\t\t\t\t\t\t<div class=\"wpr-acc-panel-content\"><p>Las lanchas no son \u00fanicamente un medio de transporte; son herramientas esenciales para la vigilancia y monitoreo ambiental. Con ellas se puede acceder a zonas de dif\u00edcil llegada para controlar la pesca ilegal, prevenir la tala oportuna y apoyar en tareas de restauraci\u00f3n. Adem\u00e1s, permiten que la comunidad pueda movilizar productos locales y fomentar el turismo responsable, lo que contribuye a un desarrollo econ\u00f3mico sostenible.<\/p><\/div>\n\t\t\t\t\t\t\t\t\t\t\t\t\t<\/div>\n                    <\/div>\n\n                \n\t\t\t\t\t<div class=\"wpr-accordion-item-wrap\">\n\t\t\t\t\t\t<button class=\"wpr-acc-button\">\n\t\t\t\t\t\t\t<span class=\"wpr-acc-item-title\">\n\t\t\t\t\t\t\t\t\t\t\t\t<span class=\"wpr-title-icon\">\n\t\t\t\t\t\t\t\t\t<\/span>\n\t\t\t\n\t\t\t\t\t\t\t\t<span class=\"wpr-acc-title-text\">4. \u00bfC\u00f3mo puedo colaborar si no vivo en las comunidades?<\/span>\n\t\t\t\t\t\t\t<\/span>\n\t\t\t\t\t\t\t\t\t\t\t<span class=\"wpr-toggle-icon wpr-ti-close\"><svg aria-hidden=\"true\" class=\"e-font-icon-svg e-fas-caret-down\" viewbox=\"0 0 320 512\" xmlns=\"http:\/\/www.w3.org\/2000\/svg\"><path d=\"M31.3 192h257.3c17.8 0 26.7 21.5 14.1 34.1L174.1 354.8c-7.8 7.8-20.5 7.8-28.3 0L17.2 226.1C4.6 213.5 13.5 192 31.3 192z\"><\/path><\/svg><\/span>\n\t\t\t\t<span class=\"wpr-toggle-icon wpr-ti-open\"><svg aria-hidden=\"true\" class=\"e-font-icon-svg e-fas-caret-up\" viewbox=\"0 0 320 512\" xmlns=\"http:\/\/www.w3.org\/2000\/svg\"><path d=\"M288.662 352H31.338c-17.818 0-26.741-21.543-14.142-34.142l128.662-128.662c7.81-7.81 20.474-7.81 28.284 0l128.662 128.662c12.6 12.599 3.676 34.142-14.142 34.142z\"><\/path><\/svg><\/span>\n\t\t\t\t\t\t\t\t\t<\/button>\n\n\t\t\t\t\t\t<div class=\"wpr-acc-panel\">\n\t\t\t\t\t\t\t\t\t\t\t\t\t\t\t<div class=\"wpr-acc-panel-content\"><p data-start=\"1766\" data-end=\"2299\">Existen diversas formas de apoyar. Incluso compartir la informaci\u00f3n y sensibilizar a otros sobre la importancia de los ecosistemas es una forma de colaborar. Cada aporte, grande o peque\u00f1o, ayuda a fortalecer la uni\u00f3n entre la comunidad y la naturaleza, generando un impacto positivo a largo plazo.<\/p><\/div>\n\t\t\t\t\t\t\t\t\t\t\t\t\t<\/div>\n                    <\/div>\n\n                            <\/div>\n        \t\t\t\t<\/div>\n\t\t\t\t\t<\/div>\n\t\t<\/div>\n\t\t\t\t\t<\/div>\n\t\t<\/section>\n\t\t\t\t<\/div>","protected":false},"excerpt":{"rendered":"<p>VAHEV Y SUS PROYECTOS Protecci\u00f3n y Restauraci\u00f3n de los Manglares del Golfo de Guayaquil Los manglares del Golfo de Guayaquil son el hogar de cientos de especies y el sustento de familias pesqueras. Nuestro proyecto busca proteger y restaurar m\u00e1s de 4,000 hect\u00e1reas, combinando conservaci\u00f3n, desarrollo comunitario y acci\u00f3n clim\u00e1tica. Con tu ayuda podremos patrullar, restaurar y crear alternativas sostenibles que garanticen un futuro para la naturaleza y las comunidades locales. DONAR EN ESTE PROYECTO Agroforestaci\u00f3n de los Humedales de Abras de Mantequilla Los humedales de Abras de Mantequilla, en la provincia de Los R\u00edos, son un ecosistema clave para la biodiversidad y la lucha contra el cambio clim\u00e1tico. Nuestro proyecto busca restaurar m\u00e1s de 600 hect\u00e1reas mediante agroforestaci\u00f3n con cacao, frutales y especies forestales, generando a la vez ingresos sostenibles para las comunidades locales. Con tu apoyo construiremos invernaderos, fortaleceremos la investigaci\u00f3n, capacitaremos a familias y crearemos alternativas que unan conservaci\u00f3n y desarrollo social.&nbsp; DONAR EN ESTE PROYECTO F.A.Q. La conservaci\u00f3n del ambiente y el fortalecimiento de las comunidades son dos pilares que caminan de la mano en cada proyecto que impulsa VAHEV S.A.S.. Nuestro trabajo busca proteger los manglares, humedales y bosques nativos del Ecuador, mientras promovemos iniciativas productivas y sostenibles que generan oportunidades para las familias que habitan en estas zonas. A trav\u00e9s de im\u00e1genes, videos y testimonios, este blog muestra c\u00f3mo la uni\u00f3n entre naturaleza y comunidad puede construir un futuro m\u00e1s justo, equilibrado y esperanzador. 1. \u00bfPor qu\u00e9 es tan importante conservar los manglares? Los manglares son ecosistemas \u00fanicos que cumplen funciones vitales: protegen las costas de la erosi\u00f3n, sirven de h\u00e1bitat a cientos de especies de animales, capturan grandes cantidades de carbono y aportan al sustento de las comunidades locales mediante la pesca y otros recursos naturales. Conservarlos significa proteger no solo la biodiversidad, sino tambi\u00e9n la seguridad alimentaria y econ\u00f3mica de quienes dependen de ellos. 2. \u00bfC\u00f3mo benefician estos proyectos a las comunidades locales? Los proyectos que impulsa VAHEV no solo buscan proteger la naturaleza, sino tambi\u00e9n mejorar la calidad de vida de las comunidades. A trav\u00e9s de iniciativas como el cultivo de cacao, la instalaci\u00f3n de paneles solares, el acceso a agua limpia o la creaci\u00f3n de una casa comunal, se fomenta la autogesti\u00f3n, se generan ingresos sostenibles y se fortalecen los lazos sociales. As\u00ed, la comunidad no solo es beneficiaria, sino protagonista del cambio. 3. \u00bfQu\u00e9 relaci\u00f3n tienen las lanchas con la conservaci\u00f3n del ecosistema? Las lanchas no son \u00fanicamente un medio de transporte; son herramientas esenciales para la vigilancia y monitoreo ambiental. Con ellas se puede acceder a zonas de dif\u00edcil llegada para controlar la pesca ilegal, prevenir la tala oportuna y apoyar en tareas de restauraci\u00f3n. Adem\u00e1s, permiten que la comunidad pueda movilizar productos locales y fomentar el turismo responsable, lo que contribuye a un desarrollo econ\u00f3mico sostenible. 4. \u00bfC\u00f3mo puedo colaborar si no vivo en las comunidades? Existen diversas formas de apoyar. Incluso compartir la informaci\u00f3n y sensibilizar a otros sobre la importancia de los ecosistemas es una forma de colaborar. Cada aporte, grande o peque\u00f1o, ayuda a fortalecer la uni\u00f3n entre la comunidad y la naturaleza, generando un impacto positivo a largo plazo.<\/p>","protected":false},"author":1,"featured_media":0,"parent":0,"menu_order":0,"comment_status":"closed","ping_status":"closed","template":"elementor_canvas","meta":{"footnotes":""},"class_list":["post-19","page","type-page","status-publish","hentry"],"_links":{"self":[{"href":"https:\/\/vahev.org\/en\/wp-json\/wp\/v2\/pages\/19","targetHints":{"allow":["GET"]}}],"collection":[{"href":"https:\/\/vahev.org\/en\/wp-json\/wp\/v2\/pages"}],"about":[{"href":"https:\/\/vahev.org\/en\/wp-json\/wp\/v2\/types\/page"}],"author":[{"embeddable":true,"href":"https:\/\/vahev.org\/en\/wp-json\/wp\/v2\/users\/1"}],"replies":[{"embeddable":true,"href":"https:\/\/vahev.org\/en\/wp-json\/wp\/v2\/comments?post=19"}],"version-history":[{"count":24,"href":"https:\/\/vahev.org\/en\/wp-json\/wp\/v2\/pages\/19\/revisions"}],"predecessor-version":[{"id":882,"href":"https:\/\/vahev.org\/en\/wp-json\/wp\/v2\/pages\/19\/revisions\/882"}],"wp:attachment":[{"href":"https:\/\/vahev.org\/en\/wp-json\/wp\/v2\/media?parent=19"}],"curies":[{"name":"wp","href":"https:\/\/api.w.org\/{rel}","templated":true}]}}